{"id":170,"date":"2024-06-09T06:55:26","date_gmt":"2024-06-09T04:55:26","guid":{"rendered":"https:\/\/globalmis.es\/?page_id=170"},"modified":"2024-07-24T09:30:27","modified_gmt":"2024-07-24T07:30:27","slug":"contact","status":"publish","type":"page","link":"https:\/\/globalmis.es\/en\/contact\/","title":{"rendered":"Contact"},"content":{"rendered":"\t\t<div data-elementor-type=\"wp-page\" data-elementor-id=\"170\" class=\"elementor elementor-170\">\n\t\t\t\t<div class=\"elementor-element elementor-element-d7e4ece e-con-full e-flex e-con e-parent\" data-id=\"d7e4ece\" data-element_type=\"container\" data-e-type=\"container\" id=\"contactoID\">\n\t\t\t\t<div class=\"elementor-element elementor-element-bcefedf elementor-widget elementor-widget-heading\" data-id=\"bcefedf\" data-element_type=\"widget\" data-e-type=\"widget\" data-widget_type=\"heading.default\">\n\t\t\t\t<div class=\"elementor-widget-container\">\n\t\t\t\t\t<h2 class=\"elementor-heading-title elementor-size-default\">Contact<\/h2>\t\t\t\t<\/div>\n\t\t\t\t<\/div>\n\t\t\t\t<div class=\"elementor-element elementor-element-d631819 elementor-widget elementor-widget-heading\" data-id=\"d631819\" data-element_type=\"widget\" data-e-type=\"widget\" data-widget_type=\"heading.default\">\n\t\t\t\t<div class=\"elementor-widget-container\">\n\t\t\t\t\t<h3 class=\"elementor-heading-title elementor-size-default\">Request information<\/h3>\t\t\t\t<\/div>\n\t\t\t\t<\/div>\n\t\t\t\t<\/div>\n\t\t<div class=\"elementor-element elementor-element-8d4a7ae e-flex e-con-boxed e-con e-parent\" data-id=\"8d4a7ae\" data-element_type=\"container\" data-e-type=\"container\">\n\t\t\t\t\t<div class=\"e-con-inner\">\n\t\t\t\t<div class=\"elementor-element elementor-element-f67f747 elementor-widget elementor-widget-void-section-cf7\" data-id=\"f67f747\" data-element_type=\"widget\" data-e-type=\"widget\" data-widget_type=\"void-section-cf7.default\">\n\t\t\t\t<div class=\"elementor-widget-container\">\n\t\t\t\t\t<div class=\"void-cf7-form-widget-wrapper elementor-shortcode void-cf7-0\" data-void-cf7-contact-form-id=\"16\">\n<div class=\"wpcf7 no-js\" id=\"wpcf7-f16-o1\" lang=\"es-ES\" dir=\"ltr\" data-wpcf7-id=\"16\">\n<div class=\"screen-reader-response\"><p role=\"status\" aria-live=\"polite\" aria-atomic=\"true\"><\/p> <ul><\/ul><\/div>\n<form action=\"\/en\/wp-json\/wp\/v2\/pages\/170#wpcf7-f16-o1\" method=\"post\" class=\"wpcf7-form init\" aria-label=\"Formulario de contacto\" novalidate=\"novalidate\" data-status=\"init\">\n<fieldset class=\"hidden-fields-container\"><input type=\"hidden\" name=\"_wpcf7\" value=\"16\" \/><input type=\"hidden\" name=\"_wpcf7_version\" value=\"6.1.5\" \/><input type=\"hidden\" name=\"_wpcf7_locale\" value=\"es_ES\" \/><input type=\"hidden\" name=\"_wpcf7_unit_tag\" value=\"wpcf7-f16-o1\" \/><input type=\"hidden\" name=\"_wpcf7_container_post\" value=\"0\" \/><input type=\"hidden\" name=\"_wpcf7_posted_data_hash\" value=\"\" \/><input type=\"hidden\" name=\"_wpcf7_recaptcha_response\" value=\"\" \/>\n<\/fieldset>\n<p><label> Name (required)<br \/>\n<span class=\"wpcf7-form-control-wrap\" data-name=\"your-name\"><input size=\"40\" maxlength=\"400\" class=\"wpcf7-form-control wpcf7-text wpcf7-validates-as-required\" aria-required=\"true\" aria-invalid=\"false\" placeholder=\"Name\" value=\"\" type=\"text\" name=\"your-name\" \/><\/span> <\/label>\n<\/p>\n<p><label> Your Email (required)<br \/>\n<span class=\"wpcf7-form-control-wrap\" data-name=\"your-email\"><input size=\"40\" maxlength=\"400\" class=\"wpcf7-form-control wpcf7-email wpcf7-validates-as-required wpcf7-text wpcf7-validates-as-email\" aria-required=\"true\" aria-invalid=\"false\" placeholder=\"Your Email\" value=\"\" type=\"email\" name=\"your-email\" \/><\/span> <\/label>\n<\/p>\n<p><label> Subject<br \/>\n<span class=\"wpcf7-form-control-wrap\" data-name=\"your-subject\"><input size=\"40\" maxlength=\"400\" class=\"wpcf7-form-control wpcf7-text\" aria-invalid=\"false\" placeholder=\"Subject\" value=\"\" type=\"text\" name=\"your-subject\" \/><\/span> <\/label>\n<\/p>\n<p><label> Message<br \/>\n<span class=\"wpcf7-form-control-wrap\" data-name=\"your-menssage\"><textarea cols=\"40\" rows=\"10\" maxlength=\"2000\" class=\"wpcf7-form-control wpcf7-textarea\" aria-invalid=\"false\" placeholder=\"Message\" name=\"your-menssage\"><\/textarea><\/span> <\/label>\n<\/p>\n<span class=\"wpcf7-form-control-wrap recaptcha\" data-name=\"recaptcha\"><span data-sitekey=\"6LffVvUpAAAAAD5apbTilLvyZqRhIP4cvEaEyFNf\" class=\"wpcf7-form-control wpcf7-recaptcha g-recaptcha recaptchaclass\"><\/span>\r\n<noscript>\r\n\t<div class=\"grecaptcha-noscript\">\r\n\t\t<iframe src=\"https:\/\/www.google.com\/recaptcha\/api\/fallback?k=6LffVvUpAAAAAD5apbTilLvyZqRhIP4cvEaEyFNf\" frameborder=\"0\" scrolling=\"no\" width=\"310\" height=\"430\">\r\n\t\t<\/iframe>\r\n\t\t<textarea name=\"g-recaptcha-response\" rows=\"3\" cols=\"40\" placeholder=\"Aqu\u00ed la respuesta de reCAPTCHA\">\r\n\t\t<\/textarea>\r\n\t<\/div>\r\n<\/noscript>\r\n<\/span>\n<p><label class=\"form_politica\">Basic information about data protection:<br \/>\n<strong>Responsible: <\/strong> Global - Environment, industrial and services. <br \/>\n<strong>Purpose:<\/strong> To respond to information or quote requests made through the website.<br \/>\n<strong> Legitimation:<\/strong> Consent of the data subject.<br \/>\n<strong> Recipients:<\/strong> Data will not be disclosed to third parties except where legally required or when necessary to fulfill your request.<br \/>\n<strong> Rights:<\/strong> You may exercise your rights of access, rectification, erasure, objection, restriction of processing, and data portability.<\/label>\n<\/p>\n<p><span class=\"wpcf7-form-control-wrap\" data-name=\"aceptar-politica\"><span class=\"wpcf7-form-control wpcf7-acceptance\"><span class=\"wpcf7-list-item\"><label><input type=\"checkbox\" name=\"aceptar-politica\" value=\"1\" aria-invalid=\"false\" \/><span class=\"wpcf7-list-item-label\">I accept the <a href=\"\/en\/politica-privacidad\/\" target=\"_blank\">Privacy Policy<\/a><\/span><\/label><\/span><\/span><\/span>\n<\/p>\n<p><input class=\"wpcf7-form-control wpcf7-submit has-spinner\" type=\"submit\" value=\"Send\" \/>\n<\/p><div class=\"wpcf7-response-output\" aria-hidden=\"true\"><\/div>\n<\/form>\n<\/div>\n<\/div> \t\t\t<script>\r\n \t\t\t        var theform = document.querySelector('.void-cf7-0');\r\n\t\t\t\t\t\ttheform.addEventListener( 'wpcf7mailsent', function( event ) {\r\n\t\t\t\t\t    location = 'https:\/\/globalmis.es\/en\/contact\/';\r\n\t\t\t\t\t}, false );\r\n\t\t\t<\/script>\r\n\r\n\t\t\t\t\t\t<\/div>\n\t\t\t\t<\/div>\n\t\t\t\t\t<\/div>\n\t\t\t\t<\/div>\n\t\t<div class=\"elementor-element elementor-element-34f374d e-flex e-con-boxed e-con e-parent\" data-id=\"34f374d\" data-element_type=\"container\" data-e-type=\"container\">\n\t\t\t\t\t<div class=\"e-con-inner\">\n\t\t\t\t<div class=\"elementor-element elementor-element-9f77df9 elementor-widget elementor-widget-heading\" data-id=\"9f77df9\" data-element_type=\"widget\" data-e-type=\"widget\" data-widget_type=\"heading.default\">\n\t\t\t\t<div class=\"elementor-widget-container\">\n\t\t\t\t\t<h3 class=\"elementor-heading-title elementor-size-default\">Request information<\/h3>\t\t\t\t<\/div>\n\t\t\t\t<\/div>\n\t\t<div class=\"elementor-element elementor-element-3e44163 e-grid e-con-boxed e-con e-child\" data-id=\"3e44163\" data-element_type=\"container\" data-e-type=\"container\">\n\t\t\t\t\t<div class=\"e-con-inner\">\n\t\t<div class=\"elementor-element elementor-element-1ce875a e-flex e-con-boxed e-con e-child\" data-id=\"1ce875a\" data-element_type=\"container\" data-e-type=\"container\">\n\t\t\t\t\t<div class=\"e-con-inner\">\n\t\t\t\t<div class=\"elementor-element elementor-element-beb778c elementor-view-framed elementor-shape-square elementor-widget elementor-widget-icon\" data-id=\"beb778c\" data-element_type=\"widget\" data-e-type=\"widget\" data-widget_type=\"icon.default\">\n\t\t\t\t<div class=\"elementor-widget-container\">\n\t\t\t\t\t\t\t<div class=\"elementor-icon-wrapper\">\n\t\t\t<div class=\"elementor-icon\">\n\t\t\t<svg aria-hidden=\"true\" class=\"e-font-icon-svg e-fas-map-marker-alt\" viewBox=\"0 0 384 512\" xmlns=\"http:\/\/www.w3.org\/2000\/svg\"><path d=\"M172.268 501.67C26.97 291.031 0 269.413 0 192 0 85.961 85.961 0 192 0s192 85.961 192 192c0 77.413-26.97 99.031-172.268 309.67-9.535 13.774-29.93 13.773-39.464 0zM192 272c44.183 0 80-35.817 80-80s-35.817-80-80-80-80 35.817-80 80 35.817 80 80 80z\"><\/path><\/svg>\t\t\t<\/div>\n\t\t<\/div>\n\t\t\t\t\t\t<\/div>\n\t\t\t\t<\/div>\n\t\t\t\t<div class=\"elementor-element elementor-element-b71402e elementor-widget elementor-widget-text-editor\" data-id=\"b71402e\" data-element_type=\"widget\" data-e-type=\"widget\" data-widget_type=\"text-editor.default\">\n\t\t\t\t<div class=\"elementor-widget-container\">\n\t\t\t\t\t\t\t\t\t<p><strong>Madrid<\/strong><\/p><p>Street Cercedilla, 5.<br \/>Pol. Ind. Ventorro del Cano<br \/>Alcorc\u00f3n 28925 Madrid, Espa\u00f1a<\/p><p><strong>Santa Cruz de Tenerife<\/strong><\/p><p>Street Candelaria n\u00ba 28,\u00a0<br \/>Edificio Olympo oficina 292 &#8211;\u00a038003\u00a0<br \/>Santa Cruz de Tenerife<\/p>\t\t\t\t\t\t\t\t<\/div>\n\t\t\t\t<\/div>\n\t\t\t\t\t<\/div>\n\t\t\t\t<\/div>\n\t\t<div class=\"elementor-element elementor-element-ce1dd4d e-flex e-con-boxed e-con e-child\" data-id=\"ce1dd4d\" data-element_type=\"container\" data-e-type=\"container\">\n\t\t\t\t\t<div class=\"e-con-inner\">\n\t\t\t\t<div class=\"elementor-element elementor-element-7293646 elementor-view-framed elementor-shape-square elementor-widget elementor-widget-icon\" data-id=\"7293646\" data-element_type=\"widget\" data-e-type=\"widget\" data-widget_type=\"icon.default\">\n\t\t\t\t<div class=\"elementor-widget-container\">\n\t\t\t\t\t\t\t<div class=\"elementor-icon-wrapper\">\n\t\t\t<div class=\"elementor-icon\">\n\t\t\t<svg aria-hidden=\"true\" class=\"e-font-icon-svg e-fas-mobile-alt\" viewBox=\"0 0 320 512\" xmlns=\"http:\/\/www.w3.org\/2000\/svg\"><path d=\"M272 0H48C21.5 0 0 21.5 0 48v416c0 26.5 21.5 48 48 48h224c26.5 0 48-21.5 48-48V48c0-26.5-21.5-48-48-48zM160 480c-17.7 0-32-14.3-32-32s14.3-32 32-32 32 14.3 32 32-14.3 32-32 32zm112-108c0 6.6-5.4 12-12 12H60c-6.6 0-12-5.4-12-12V60c0-6.6 5.4-12 12-12h200c6.6 0 12 5.4 12 12v312z\"><\/path><\/svg>\t\t\t<\/div>\n\t\t<\/div>\n\t\t\t\t\t\t<\/div>\n\t\t\t\t<\/div>\n\t\t\t\t<div class=\"elementor-element elementor-element-9ba6aee elementor-widget elementor-widget-text-editor\" data-id=\"9ba6aee\" data-element_type=\"widget\" data-e-type=\"widget\" data-widget_type=\"text-editor.default\">\n\t\t\t\t<div class=\"elementor-widget-container\">\n\t\t\t\t\t\t\t\t\t<p><strong>Madrid<\/strong><\/p><p>Phone: <a>913 911 100<\/a><br \/>Fax: <a>913 911 100<\/a><\/p><p><strong>Santa Cruz de Tenerife<\/strong><\/p><p>Phone: <a>922 643 460<\/a><\/p>\t\t\t\t\t\t\t\t<\/div>\n\t\t\t\t<\/div>\n\t\t\t\t\t<\/div>\n\t\t\t\t<\/div>\n\t\t<div class=\"elementor-element elementor-element-dab6077 e-flex e-con-boxed e-con e-child\" data-id=\"dab6077\" data-element_type=\"container\" data-e-type=\"container\">\n\t\t\t\t\t<div class=\"e-con-inner\">\n\t\t\t\t<div class=\"elementor-element elementor-element-dd506f4 elementor-view-framed elementor-shape-square elementor-widget elementor-widget-icon\" data-id=\"dd506f4\" data-element_type=\"widget\" data-e-type=\"widget\" data-widget_type=\"icon.default\">\n\t\t\t\t<div class=\"elementor-widget-container\">\n\t\t\t\t\t\t\t<div class=\"elementor-icon-wrapper\">\n\t\t\t<div class=\"elementor-icon\">\n\t\t\t<svg aria-hidden=\"true\" class=\"e-font-icon-svg e-fas-envelope\" viewBox=\"0 0 512 512\" xmlns=\"http:\/\/www.w3.org\/2000\/svg\"><path d=\"M502.3 190.8c3.9-3.1 9.7-.2 9.7 4.7V400c0 26.5-21.5 48-48 48H48c-26.5 0-48-21.5-48-48V195.6c0-5 5.7-7.8 9.7-4.7 22.4 17.4 52.1 39.5 154.1 113.6 21.1 15.4 56.7 47.8 92.2 47.6 35.7.3 72-32.8 92.3-47.6 102-74.1 131.6-96.3 154-113.7zM256 320c23.2.4 56.6-29.2 73.4-41.4 132.7-96.3 142.8-104.7 173.4-128.7 5.8-4.5 9.2-11.5 9.2-18.9v-19c0-26.5-21.5-48-48-48H48C21.5 64 0 85.5 0 112v19c0 7.4 3.4 14.3 9.2 18.9 30.6 23.9 40.7 32.4 173.4 128.7 16.8 12.2 50.2 41.8 73.4 41.4z\"><\/path><\/svg>\t\t\t<\/div>\n\t\t<\/div>\n\t\t\t\t\t\t<\/div>\n\t\t\t\t<\/div>\n\t\t\t\t<div class=\"elementor-element elementor-element-b72f84c elementor-widget elementor-widget-text-editor\" data-id=\"b72f84c\" data-element_type=\"widget\" data-e-type=\"widget\" data-widget_type=\"text-editor.default\">\n\t\t\t\t<div class=\"elementor-widget-container\">\n\t\t\t\t\t\t\t\t\t<p><a href=\"mailto:global@globalmis.es\">global@globalmis.es<\/a><\/p>\t\t\t\t\t\t\t\t<\/div>\n\t\t\t\t<\/div>\n\t\t\t\t\t<\/div>\n\t\t\t\t<\/div>\n\t\t\t\t\t<\/div>\n\t\t\t\t<\/div>\n\t\t\t\t\t<\/div>\n\t\t\t\t<\/div>\n\t\t<div class=\"elementor-element elementor-element-27884a3 e-flex e-con-boxed e-con e-parent\" data-id=\"27884a3\" data-element_type=\"container\" data-e-type=\"container\" id=\"mapa\">\n\t\t\t\t\t<div class=\"e-con-inner\">\n\t\t\t\t<div class=\"elementor-element elementor-element-dc044e4 elementor-widget elementor-widget-google_maps\" data-id=\"dc044e4\" data-element_type=\"widget\" data-e-type=\"widget\" data-widget_type=\"google_maps.default\">\n\t\t\t\t<div class=\"elementor-widget-container\">\n\t\t\t\t\t\t\t<div class=\"elementor-custom-embed\">\n\t\t\t<iframe loading=\"lazy\"\n\t\t\t\t\tsrc=\"https:\/\/maps.google.com\/maps?q=Calle%20%20Cercedilla%2C%205%20Alcorc%C3%B3n&#038;t=m&#038;z=16&#038;output=embed&#038;iwloc=near\"\n\t\t\t\t\ttitle=\"Calle  Cercedilla, 5 Alcorc\u00f3n\"\n\t\t\t\t\taria-label=\"Calle  Cercedilla, 5 Alcorc\u00f3n\"\n\t\t\t><\/iframe>\n\t\t<\/div>\n\t\t\t\t\t\t<\/div>\n\t\t\t\t<\/div>\n\t\t\t\t\t<\/div>\n\t\t\t\t<\/div>\n\t\t\t\t<\/div>\n\t\t","protected":false},"excerpt":{"rendered":"<p>Contact Request information Nombre (requerido) Tu correo electr\u00f3nico (requerido) Asunto Mensaje Acepto la Pol\u00edtica de privacidad Informaci\u00f3n b\u00e1sica sobre protecci\u00f3n de datos: Responsable: Global &#8211; Medio ambiente, indrustrial y servicios. Finalidad: Gestionar el env\u00edo de informaci\u00f3n y prospecci\u00f3n comercial. Legitimaci\u00f3n: Consentimiento del interesado. Destinatarios: Empresas proveedoras nacionales y encargados de tratamiento acogidos a privacy shield. &#8230; <a title=\"Contact\" class=\"read-more\" href=\"https:\/\/globalmis.es\/en\/contact\/\" aria-label=\"Leer m\u00e1s sobre Contact\">Leer m\u00e1s<\/a><\/p>\n","protected":false},"author":1,"featured_media":0,"parent":0,"menu_order":0,"comment_status":"closed","ping_status":"closed","template":"","meta":{"editor_notices":[],"footnotes":""},"class_list":["post-170","page","type-page","status-publish"],"yoast_head":"<!-- This site is optimized with the Yoast SEO plugin v27.3 - https:\/\/yoast.com\/product\/yoast-seo-wordpress\/ -->\n<title>Contact - Global - EN<\/title>\n<meta name=\"robots\" content=\"index, follow, max-snippet:-1, max-image-preview:large, max-video-preview:-1\" \/>\n<link rel=\"canonical\" href=\"https:\/\/globalmis.es\/en\/contact\/\" \/>\n<meta property=\"og:locale\" content=\"es_ES\" \/>\n<meta property=\"og:type\" content=\"article\" \/>\n<meta property=\"og:title\" content=\"Contact - Global - EN\" \/>\n<meta property=\"og:description\" content=\"Contact Request information Nombre (requerido) Tu correo electr\u00f3nico (requerido) Asunto Mensaje Acepto la Pol\u00edtica de privacidad Informaci\u00f3n b\u00e1sica sobre protecci\u00f3n de datos: Responsable: Global &#8211; Medio ambiente, indrustrial y servicios. Finalidad: Gestionar el env\u00edo de informaci\u00f3n y prospecci\u00f3n comercial. Legitimaci\u00f3n: Consentimiento del interesado. Destinatarios: Empresas proveedoras nacionales y encargados de tratamiento acogidos a privacy shield. ... Leer m\u00e1s\" \/>\n<meta property=\"og:url\" content=\"https:\/\/globalmis.es\/en\/contact\/\" \/>\n<meta property=\"og:site_name\" content=\"Global - EN\" \/>\n<meta property=\"article:modified_time\" content=\"2024-07-24T07:30:27+00:00\" \/>\n<meta name=\"twitter:card\" content=\"summary_large_image\" \/>\n<meta name=\"twitter:label1\" content=\"Tiempo de lectura\" \/>\n\t<meta name=\"twitter:data1\" content=\"1 minuto\" \/>\n<script type=\"application\/ld+json\" class=\"yoast-schema-graph\">{\"@context\":\"https:\\\/\\\/schema.org\",\"@graph\":[{\"@type\":\"WebPage\",\"@id\":\"https:\\\/\\\/globalmis.es\\\/en\\\/contact\\\/\",\"url\":\"https:\\\/\\\/globalmis.es\\\/en\\\/contact\\\/\",\"name\":\"Contact - Global - EN\",\"isPartOf\":{\"@id\":\"https:\\\/\\\/globalmis.es\\\/en\\\/#website\"},\"datePublished\":\"2024-06-09T04:55:26+00:00\",\"dateModified\":\"2024-07-24T07:30:27+00:00\",\"breadcrumb\":{\"@id\":\"https:\\\/\\\/globalmis.es\\\/en\\\/contact\\\/#breadcrumb\"},\"inLanguage\":\"es\",\"potentialAction\":[{\"@type\":\"ReadAction\",\"target\":[\"https:\\\/\\\/globalmis.es\\\/en\\\/contact\\\/\"]}]},{\"@type\":\"BreadcrumbList\",\"@id\":\"https:\\\/\\\/globalmis.es\\\/en\\\/contact\\\/#breadcrumb\",\"itemListElement\":[{\"@type\":\"ListItem\",\"position\":1,\"name\":\"Portada\",\"item\":\"https:\\\/\\\/globalmis.es\\\/en\\\/\"},{\"@type\":\"ListItem\",\"position\":2,\"name\":\"Contact\"}]},{\"@type\":\"WebSite\",\"@id\":\"https:\\\/\\\/globalmis.es\\\/en\\\/#website\",\"url\":\"https:\\\/\\\/globalmis.es\\\/en\\\/\",\"name\":\"Global - EN\",\"description\":\"Ofrecemos barredoras eficientes, fiables y robustas\",\"publisher\":{\"@id\":\"https:\\\/\\\/globalmis.es\\\/en\\\/#organization\"},\"potentialAction\":[{\"@type\":\"SearchAction\",\"target\":{\"@type\":\"EntryPoint\",\"urlTemplate\":\"https:\\\/\\\/globalmis.es\\\/en\\\/?s={search_term_string}\"},\"query-input\":{\"@type\":\"PropertyValueSpecification\",\"valueRequired\":true,\"valueName\":\"search_term_string\"}}],\"inLanguage\":\"es\"},{\"@type\":\"Organization\",\"@id\":\"https:\\\/\\\/globalmis.es\\\/en\\\/#organization\",\"name\":\"Global - EN\",\"url\":\"https:\\\/\\\/globalmis.es\\\/en\\\/\",\"logo\":{\"@type\":\"ImageObject\",\"inLanguage\":\"es\",\"@id\":\"https:\\\/\\\/globalmis.es\\\/en\\\/#\\\/schema\\\/logo\\\/image\\\/\",\"url\":\"https:\\\/\\\/globalmis.es\\\/en\\\/wp-content\\\/uploads\\\/sites\\\/4\\\/2024\\\/06\\\/Logo_Global@3x-1.png\",\"contentUrl\":\"https:\\\/\\\/globalmis.es\\\/en\\\/wp-content\\\/uploads\\\/sites\\\/4\\\/2024\\\/06\\\/Logo_Global@3x-1.png\",\"width\":1321,\"height\":421,\"caption\":\"Global - EN\"},\"image\":{\"@id\":\"https:\\\/\\\/globalmis.es\\\/en\\\/#\\\/schema\\\/logo\\\/image\\\/\"}}]}<\/script>\n<!-- \/ Yoast SEO plugin. -->","yoast_head_json":{"title":"Contact - Global - EN","robots":{"index":"index","follow":"follow","max-snippet":"max-snippet:-1","max-image-preview":"max-image-preview:large","max-video-preview":"max-video-preview:-1"},"canonical":"https:\/\/globalmis.es\/en\/contact\/","og_locale":"es_ES","og_type":"article","og_title":"Contact - Global - EN","og_description":"Contact Request information Nombre (requerido) Tu correo electr\u00f3nico (requerido) Asunto Mensaje Acepto la Pol\u00edtica de privacidad Informaci\u00f3n b\u00e1sica sobre protecci\u00f3n de datos: Responsable: Global &#8211; Medio ambiente, indrustrial y servicios. Finalidad: Gestionar el env\u00edo de informaci\u00f3n y prospecci\u00f3n comercial. Legitimaci\u00f3n: Consentimiento del interesado. Destinatarios: Empresas proveedoras nacionales y encargados de tratamiento acogidos a privacy shield. ... Leer m\u00e1s","og_url":"https:\/\/globalmis.es\/en\/contact\/","og_site_name":"Global - EN","article_modified_time":"2024-07-24T07:30:27+00:00","twitter_card":"summary_large_image","twitter_misc":{"Tiempo de lectura":"1 minuto"},"schema":{"@context":"https:\/\/schema.org","@graph":[{"@type":"WebPage","@id":"https:\/\/globalmis.es\/en\/contact\/","url":"https:\/\/globalmis.es\/en\/contact\/","name":"Contact - Global - EN","isPartOf":{"@id":"https:\/\/globalmis.es\/en\/#website"},"datePublished":"2024-06-09T04:55:26+00:00","dateModified":"2024-07-24T07:30:27+00:00","breadcrumb":{"@id":"https:\/\/globalmis.es\/en\/contact\/#breadcrumb"},"inLanguage":"es","potentialAction":[{"@type":"ReadAction","target":["https:\/\/globalmis.es\/en\/contact\/"]}]},{"@type":"BreadcrumbList","@id":"https:\/\/globalmis.es\/en\/contact\/#breadcrumb","itemListElement":[{"@type":"ListItem","position":1,"name":"Portada","item":"https:\/\/globalmis.es\/en\/"},{"@type":"ListItem","position":2,"name":"Contact"}]},{"@type":"WebSite","@id":"https:\/\/globalmis.es\/en\/#website","url":"https:\/\/globalmis.es\/en\/","name":"Global - EN","description":"Ofrecemos barredoras eficientes, fiables y robustas","publisher":{"@id":"https:\/\/globalmis.es\/en\/#organization"},"potentialAction":[{"@type":"SearchAction","target":{"@type":"EntryPoint","urlTemplate":"https:\/\/globalmis.es\/en\/?s={search_term_string}"},"query-input":{"@type":"PropertyValueSpecification","valueRequired":true,"valueName":"search_term_string"}}],"inLanguage":"es"},{"@type":"Organization","@id":"https:\/\/globalmis.es\/en\/#organization","name":"Global - EN","url":"https:\/\/globalmis.es\/en\/","logo":{"@type":"ImageObject","inLanguage":"es","@id":"https:\/\/globalmis.es\/en\/#\/schema\/logo\/image\/","url":"https:\/\/globalmis.es\/en\/wp-content\/uploads\/sites\/4\/2024\/06\/Logo_Global@3x-1.png","contentUrl":"https:\/\/globalmis.es\/en\/wp-content\/uploads\/sites\/4\/2024\/06\/Logo_Global@3x-1.png","width":1321,"height":421,"caption":"Global - EN"},"image":{"@id":"https:\/\/globalmis.es\/en\/#\/schema\/logo\/image\/"}}]}},"_links":{"self":[{"href":"https:\/\/globalmis.es\/en\/wp-json\/wp\/v2\/pages\/170","targetHints":{"allow":["GET"]}}],"collection":[{"href":"https:\/\/globalmis.es\/en\/wp-json\/wp\/v2\/pages"}],"about":[{"href":"https:\/\/globalmis.es\/en\/wp-json\/wp\/v2\/types\/page"}],"author":[{"embeddable":true,"href":"https:\/\/globalmis.es\/en\/wp-json\/wp\/v2\/users\/1"}],"replies":[{"embeddable":true,"href":"https:\/\/globalmis.es\/en\/wp-json\/wp\/v2\/comments?post=170"}],"version-history":[{"count":38,"href":"https:\/\/globalmis.es\/en\/wp-json\/wp\/v2\/pages\/170\/revisions"}],"predecessor-version":[{"id":659,"href":"https:\/\/globalmis.es\/en\/wp-json\/wp\/v2\/pages\/170\/revisions\/659"}],"wp:attachment":[{"href":"https:\/\/globalmis.es\/en\/wp-json\/wp\/v2\/media?parent=170"}],"curies":[{"name":"wp","href":"https:\/\/api.w.org\/{rel}","templated":true}]}}