{"id":411,"date":"2024-06-10T13:30:25","date_gmt":"2024-06-10T11:30:25","guid":{"rendered":"https:\/\/globalmis.es\/?page_id=411"},"modified":"2024-07-24T10:20:42","modified_gmt":"2024-07-24T08:20:42","slug":"form-demo","status":"publish","type":"page","link":"https:\/\/globalmis.es\/en\/form-demo\/","title":{"rendered":"Form demo"},"content":{"rendered":"\t\t<div data-elementor-type=\"wp-page\" data-elementor-id=\"411\" class=\"elementor elementor-411\">\n\t\t\t\t<div class=\"elementor-element elementor-element-97b16b2 e-flex e-con-boxed e-con e-parent\" data-id=\"97b16b2\" data-element_type=\"container\" data-e-type=\"container\">\n\t\t\t\t\t<div class=\"e-con-inner\">\n\t\t<div class=\"elementor-element elementor-element-fe105f0 e-flex e-con-boxed e-con e-child\" data-id=\"fe105f0\" data-element_type=\"container\" data-e-type=\"container\">\n\t\t\t\t\t<div class=\"e-con-inner\">\n\t\t\t\t<div class=\"elementor-element elementor-element-f83ef14 elementor-widget elementor-widget-heading\" data-id=\"f83ef14\" data-element_type=\"widget\" data-e-type=\"widget\" data-widget_type=\"heading.default\">\n\t\t\t\t<div class=\"elementor-widget-container\">\n\t\t\t\t\t<h2 class=\"elementor-heading-title elementor-size-default\">REQUEST DEMO<\/h2>\t\t\t\t<\/div>\n\t\t\t\t<\/div>\n\t\t\t\t\t<\/div>\n\t\t\t\t<\/div>\n\t\t\t\t<div class=\"elementor-element elementor-element-c3d9dd7 elementor-widget elementor-widget-void-section-cf7\" data-id=\"c3d9dd7\" data-element_type=\"widget\" data-e-type=\"widget\" data-widget_type=\"void-section-cf7.default\">\n\t\t\t\t<div class=\"elementor-widget-container\">\n\t\t\t\t\t<div class=\"void-cf7-form-widget-wrapper elementor-shortcode void-cf7-0\" data-void-cf7-contact-form-id=\"404\">\n<div class=\"wpcf7 no-js\" id=\"wpcf7-f404-o1\" lang=\"es-ES\" dir=\"ltr\" data-wpcf7-id=\"404\">\n<div class=\"screen-reader-response\"><p role=\"status\" aria-live=\"polite\" aria-atomic=\"true\"><\/p> <ul><\/ul><\/div>\n<form action=\"\/en\/wp-json\/wp\/v2\/pages\/411#wpcf7-f404-o1\" method=\"post\" class=\"wpcf7-form init\" aria-label=\"Formulario de contacto\" novalidate=\"novalidate\" data-status=\"init\">\n<fieldset class=\"hidden-fields-container\"><input type=\"hidden\" name=\"_wpcf7\" value=\"404\" \/><input type=\"hidden\" name=\"_wpcf7_version\" value=\"6.1.5\" \/><input type=\"hidden\" name=\"_wpcf7_locale\" value=\"es_ES\" \/><input type=\"hidden\" name=\"_wpcf7_unit_tag\" value=\"wpcf7-f404-o1\" \/><input type=\"hidden\" name=\"_wpcf7_container_post\" value=\"0\" \/><input type=\"hidden\" name=\"_wpcf7_posted_data_hash\" value=\"\" \/><input type=\"hidden\" name=\"_wpcf7_recaptcha_response\" value=\"\" \/>\n<\/fieldset>\n<p><label> Please select which demo you wish to request (required)<br \/>\n<span class=\"wpcf7-form-control-wrap\" data-name=\"catalogos-multiple\"><select class=\"wpcf7-form-control wpcf7-select wpcf7-validates-as-required\" aria-required=\"true\" aria-invalid=\"false\" name=\"catalogos-multiple\"><option value=\"All\">All<\/option><option value=\"G150 Sweeper\">G150 Sweeper<\/option><option value=\"G250 Sweeper\">G250 Sweeper<\/option><option value=\"G500 Sweeper\">G500 Sweeper<\/option><option value=\"Truck mounted sweeper kdm\">Truck mounted sweeper kdm<\/option><option value=\"Rear-loading waste collection vehicles\">Rear-loading waste collection vehicles<\/option><\/select><\/span> <\/label>\n<\/p>\n<p><label> Name and surname (required)<br \/>\n<span class=\"wpcf7-form-control-wrap\" data-name=\"your-name\"><input size=\"40\" maxlength=\"400\" class=\"wpcf7-form-control wpcf7-text wpcf7-validates-as-required\" aria-required=\"true\" aria-invalid=\"false\" placeholder=\"Name and surname\" value=\"\" type=\"text\" name=\"your-name\" \/><\/span> <\/label>\n<\/p>\n<p><label> Your email (required)<br \/>\n<span class=\"wpcf7-form-control-wrap\" data-name=\"your-email\"><input size=\"40\" maxlength=\"400\" class=\"wpcf7-form-control wpcf7-email wpcf7-validates-as-required wpcf7-text wpcf7-validates-as-email\" aria-required=\"true\" aria-invalid=\"false\" placeholder=\"Your email\" value=\"\" type=\"email\" name=\"your-email\" \/><\/span> <\/label>\n<\/p>\n<span class=\"wpcf7-form-control-wrap recaptcha\" data-name=\"recaptcha\"><span data-sitekey=\"6LffVvUpAAAAAD5apbTilLvyZqRhIP4cvEaEyFNf\" class=\"wpcf7-form-control wpcf7-recaptcha g-recaptcha recaptchaclass\"><\/span>\r\n<noscript>\r\n\t<div class=\"grecaptcha-noscript\">\r\n\t\t<iframe src=\"https:\/\/www.google.com\/recaptcha\/api\/fallback?k=6LffVvUpAAAAAD5apbTilLvyZqRhIP4cvEaEyFNf\" frameborder=\"0\" scrolling=\"no\" width=\"310\" height=\"430\">\r\n\t\t<\/iframe>\r\n\t\t<textarea name=\"g-recaptcha-response\" rows=\"3\" cols=\"40\" placeholder=\"Aqu\u00ed la respuesta de reCAPTCHA\">\r\n\t\t<\/textarea>\r\n\t<\/div>\r\n<\/noscript>\r\n<\/span>\n<p><label class=\"form_politica\">Basic information about data protection:<br \/>\n<strong>Responsible: <\/strong> Global - Environment, industrial and services. <br \/>\n<strong>Purpose:<\/strong> To respond to information or quote requests made through the website.<br \/>\n<strong> Legitimation:<\/strong> Consent of the data subject.<br \/>\n<strong> Recipients:<\/strong> Data will not be disclosed to third parties except where legally required or when necessary to fulfill your request.<br \/>\n<strong> Rights:<\/strong> You may exercise your rights of access, rectification, erasure, objection, restriction of processing, and data portability.<\/label><br \/>\n<span class=\"wpcf7-form-control-wrap\" data-name=\"aceptar-politica\"><span class=\"wpcf7-form-control wpcf7-acceptance\"><span class=\"wpcf7-list-item\"><label><input type=\"checkbox\" name=\"aceptar-politica\" value=\"1\" aria-invalid=\"false\" \/><span class=\"wpcf7-list-item-label\">I accept the <a href=\"\/en\/politica-privacidad\/\" target=\"_blank\">Privacy Policy<\/a><\/span><\/label><\/span><\/span><\/span>\n<\/p>\n<p><span class=\"wpcf7-form-control-wrap\" data-name=\"aceptar-comunicaciones\"><span class=\"wpcf7-form-control wpcf7-acceptance\"><span class=\"wpcf7-list-item\"><label><input type=\"checkbox\" name=\"aceptar-comunicaciones\" value=\"1\" aria-invalid=\"false\" \/><span class=\"wpcf7-list-item-label\">Yes, I'd like to receive e-mail communications<\/span><\/label><\/span><\/span><\/span>\n<\/p>\n<p><input class=\"wpcf7-form-control wpcf7-submit has-spinner\" type=\"submit\" value=\"Send\" \/>\n<\/p><div class=\"wpcf7-response-output\" aria-hidden=\"true\"><\/div>\n<\/form>\n<\/div>\n<\/div> \t\t\t<script>\r\n \t\t\t        var theform = document.querySelector('.void-cf7-0');\r\n\t\t\t\t\t\ttheform.addEventListener( 'wpcf7mailsent', function( event ) {\r\n\t\t\t\t\t    location = 'https:\/\/globalmis.es\/en\/form-demo\/';\r\n\t\t\t\t\t}, false );\r\n\t\t\t<\/script>\r\n\r\n\t\t\t\t\t\t<\/div>\n\t\t\t\t<\/div>\n\t\t\t\t\t<\/div>\n\t\t\t\t<\/div>\n\t\t\t\t<\/div>\n\t\t","protected":false},"excerpt":{"rendered":"<p>REQUEST DEMO Por favor, seleccione que demo desea solicitar (requerido) TodosBarredora G150Barredora G250Barredora G500Barredora sobre cami\u00f3n KDMRecolectores de carga trasera Nombre y apellidos (requerido) Tu correo electr\u00f3nico (requerido) Acepto la Pol\u00edtica de privacidad S\u00ed, me gustar\u00eda recibir comunicaciones por correo electr\u00f3nico Informaci\u00f3n b\u00e1sica sobre protecci\u00f3n de datos: Responsable: Global &#8211; Medio ambiente Industrial y servicio. &#8230; <a title=\"Form demo\" class=\"read-more\" href=\"https:\/\/globalmis.es\/en\/form-demo\/\" aria-label=\"Leer m\u00e1s sobre Form demo\">Leer m\u00e1s<\/a><\/p>\n","protected":false},"author":1,"featured_media":0,"parent":0,"menu_order":0,"comment_status":"closed","ping_status":"closed","template":"","meta":{"editor_notices":[],"footnotes":""},"class_list":["post-411","page","type-page","status-publish"],"yoast_head":"<!-- This site is optimized with the Yoast SEO plugin v27.3 - https:\/\/yoast.com\/product\/yoast-seo-wordpress\/ -->\n<title>Form demo - Global - EN<\/title>\n<meta name=\"robots\" content=\"index, follow, max-snippet:-1, max-image-preview:large, max-video-preview:-1\" \/>\n<link rel=\"canonical\" href=\"https:\/\/globalmis.es\/en\/form-demo\/\" \/>\n<meta property=\"og:locale\" content=\"es_ES\" \/>\n<meta property=\"og:type\" content=\"article\" \/>\n<meta property=\"og:title\" content=\"Form demo - Global - EN\" \/>\n<meta property=\"og:description\" content=\"REQUEST DEMO Por favor, seleccione que demo desea solicitar (requerido) TodosBarredora G150Barredora G250Barredora G500Barredora sobre cami\u00f3n KDMRecolectores de carga trasera Nombre y apellidos (requerido) Tu correo electr\u00f3nico (requerido) Acepto la Pol\u00edtica de privacidad S\u00ed, me gustar\u00eda recibir comunicaciones por correo electr\u00f3nico Informaci\u00f3n b\u00e1sica sobre protecci\u00f3n de datos: Responsable: Global &#8211; Medio ambiente Industrial y servicio. ... Leer m\u00e1s\" \/>\n<meta property=\"og:url\" content=\"https:\/\/globalmis.es\/en\/form-demo\/\" \/>\n<meta property=\"og:site_name\" content=\"Global - EN\" \/>\n<meta property=\"article:modified_time\" content=\"2024-07-24T08:20:42+00:00\" \/>\n<meta name=\"twitter:card\" content=\"summary_large_image\" \/>\n<meta name=\"twitter:label1\" content=\"Tiempo de lectura\" \/>\n\t<meta name=\"twitter:data1\" content=\"1 minuto\" \/>\n<script type=\"application\/ld+json\" class=\"yoast-schema-graph\">{\"@context\":\"https:\\\/\\\/schema.org\",\"@graph\":[{\"@type\":\"WebPage\",\"@id\":\"https:\\\/\\\/globalmis.es\\\/en\\\/form-demo\\\/\",\"url\":\"https:\\\/\\\/globalmis.es\\\/en\\\/form-demo\\\/\",\"name\":\"Form demo - Global - EN\",\"isPartOf\":{\"@id\":\"https:\\\/\\\/globalmis.es\\\/en\\\/#website\"},\"datePublished\":\"2024-06-10T11:30:25+00:00\",\"dateModified\":\"2024-07-24T08:20:42+00:00\",\"breadcrumb\":{\"@id\":\"https:\\\/\\\/globalmis.es\\\/en\\\/form-demo\\\/#breadcrumb\"},\"inLanguage\":\"es\",\"potentialAction\":[{\"@type\":\"ReadAction\",\"target\":[\"https:\\\/\\\/globalmis.es\\\/en\\\/form-demo\\\/\"]}]},{\"@type\":\"BreadcrumbList\",\"@id\":\"https:\\\/\\\/globalmis.es\\\/en\\\/form-demo\\\/#breadcrumb\",\"itemListElement\":[{\"@type\":\"ListItem\",\"position\":1,\"name\":\"Portada\",\"item\":\"https:\\\/\\\/globalmis.es\\\/en\\\/\"},{\"@type\":\"ListItem\",\"position\":2,\"name\":\"Form demo\"}]},{\"@type\":\"WebSite\",\"@id\":\"https:\\\/\\\/globalmis.es\\\/en\\\/#website\",\"url\":\"https:\\\/\\\/globalmis.es\\\/en\\\/\",\"name\":\"Global - EN\",\"description\":\"Ofrecemos barredoras eficientes, fiables y robustas\",\"publisher\":{\"@id\":\"https:\\\/\\\/globalmis.es\\\/en\\\/#organization\"},\"potentialAction\":[{\"@type\":\"SearchAction\",\"target\":{\"@type\":\"EntryPoint\",\"urlTemplate\":\"https:\\\/\\\/globalmis.es\\\/en\\\/?s={search_term_string}\"},\"query-input\":{\"@type\":\"PropertyValueSpecification\",\"valueRequired\":true,\"valueName\":\"search_term_string\"}}],\"inLanguage\":\"es\"},{\"@type\":\"Organization\",\"@id\":\"https:\\\/\\\/globalmis.es\\\/en\\\/#organization\",\"name\":\"Global - EN\",\"url\":\"https:\\\/\\\/globalmis.es\\\/en\\\/\",\"logo\":{\"@type\":\"ImageObject\",\"inLanguage\":\"es\",\"@id\":\"https:\\\/\\\/globalmis.es\\\/en\\\/#\\\/schema\\\/logo\\\/image\\\/\",\"url\":\"https:\\\/\\\/globalmis.es\\\/en\\\/wp-content\\\/uploads\\\/sites\\\/4\\\/2024\\\/06\\\/Logo_Global@3x-1.png\",\"contentUrl\":\"https:\\\/\\\/globalmis.es\\\/en\\\/wp-content\\\/uploads\\\/sites\\\/4\\\/2024\\\/06\\\/Logo_Global@3x-1.png\",\"width\":1321,\"height\":421,\"caption\":\"Global - EN\"},\"image\":{\"@id\":\"https:\\\/\\\/globalmis.es\\\/en\\\/#\\\/schema\\\/logo\\\/image\\\/\"}}]}<\/script>\n<!-- \/ Yoast SEO plugin. -->","yoast_head_json":{"title":"Form demo - Global - EN","robots":{"index":"index","follow":"follow","max-snippet":"max-snippet:-1","max-image-preview":"max-image-preview:large","max-video-preview":"max-video-preview:-1"},"canonical":"https:\/\/globalmis.es\/en\/form-demo\/","og_locale":"es_ES","og_type":"article","og_title":"Form demo - Global - EN","og_description":"REQUEST DEMO Por favor, seleccione que demo desea solicitar (requerido) TodosBarredora G150Barredora G250Barredora G500Barredora sobre cami\u00f3n KDMRecolectores de carga trasera Nombre y apellidos (requerido) Tu correo electr\u00f3nico (requerido) Acepto la Pol\u00edtica de privacidad S\u00ed, me gustar\u00eda recibir comunicaciones por correo electr\u00f3nico Informaci\u00f3n b\u00e1sica sobre protecci\u00f3n de datos: Responsable: Global &#8211; Medio ambiente Industrial y servicio. ... Leer m\u00e1s","og_url":"https:\/\/globalmis.es\/en\/form-demo\/","og_site_name":"Global - EN","article_modified_time":"2024-07-24T08:20:42+00:00","twitter_card":"summary_large_image","twitter_misc":{"Tiempo de lectura":"1 minuto"},"schema":{"@context":"https:\/\/schema.org","@graph":[{"@type":"WebPage","@id":"https:\/\/globalmis.es\/en\/form-demo\/","url":"https:\/\/globalmis.es\/en\/form-demo\/","name":"Form demo - Global - EN","isPartOf":{"@id":"https:\/\/globalmis.es\/en\/#website"},"datePublished":"2024-06-10T11:30:25+00:00","dateModified":"2024-07-24T08:20:42+00:00","breadcrumb":{"@id":"https:\/\/globalmis.es\/en\/form-demo\/#breadcrumb"},"inLanguage":"es","potentialAction":[{"@type":"ReadAction","target":["https:\/\/globalmis.es\/en\/form-demo\/"]}]},{"@type":"BreadcrumbList","@id":"https:\/\/globalmis.es\/en\/form-demo\/#breadcrumb","itemListElement":[{"@type":"ListItem","position":1,"name":"Portada","item":"https:\/\/globalmis.es\/en\/"},{"@type":"ListItem","position":2,"name":"Form demo"}]},{"@type":"WebSite","@id":"https:\/\/globalmis.es\/en\/#website","url":"https:\/\/globalmis.es\/en\/","name":"Global - EN","description":"Ofrecemos barredoras eficientes, fiables y robustas","publisher":{"@id":"https:\/\/globalmis.es\/en\/#organization"},"potentialAction":[{"@type":"SearchAction","target":{"@type":"EntryPoint","urlTemplate":"https:\/\/globalmis.es\/en\/?s={search_term_string}"},"query-input":{"@type":"PropertyValueSpecification","valueRequired":true,"valueName":"search_term_string"}}],"inLanguage":"es"},{"@type":"Organization","@id":"https:\/\/globalmis.es\/en\/#organization","name":"Global - EN","url":"https:\/\/globalmis.es\/en\/","logo":{"@type":"ImageObject","inLanguage":"es","@id":"https:\/\/globalmis.es\/en\/#\/schema\/logo\/image\/","url":"https:\/\/globalmis.es\/en\/wp-content\/uploads\/sites\/4\/2024\/06\/Logo_Global@3x-1.png","contentUrl":"https:\/\/globalmis.es\/en\/wp-content\/uploads\/sites\/4\/2024\/06\/Logo_Global@3x-1.png","width":1321,"height":421,"caption":"Global - EN"},"image":{"@id":"https:\/\/globalmis.es\/en\/#\/schema\/logo\/image\/"}}]}},"_links":{"self":[{"href":"https:\/\/globalmis.es\/en\/wp-json\/wp\/v2\/pages\/411","targetHints":{"allow":["GET"]}}],"collection":[{"href":"https:\/\/globalmis.es\/en\/wp-json\/wp\/v2\/pages"}],"about":[{"href":"https:\/\/globalmis.es\/en\/wp-json\/wp\/v2\/types\/page"}],"author":[{"embeddable":true,"href":"https:\/\/globalmis.es\/en\/wp-json\/wp\/v2\/users\/1"}],"replies":[{"embeddable":true,"href":"https:\/\/globalmis.es\/en\/wp-json\/wp\/v2\/comments?post=411"}],"version-history":[{"count":8,"href":"https:\/\/globalmis.es\/en\/wp-json\/wp\/v2\/pages\/411\/revisions"}],"predecessor-version":[{"id":725,"href":"https:\/\/globalmis.es\/en\/wp-json\/wp\/v2\/pages\/411\/revisions\/725"}],"wp:attachment":[{"href":"https:\/\/globalmis.es\/en\/wp-json\/wp\/v2\/media?parent=411"}],"curies":[{"name":"wp","href":"https:\/\/api.w.org\/{rel}","templated":true}]}}